{"id":131,"date":"2022-07-20T10:06:02","date_gmt":"2022-07-20T13:06:02","guid":{"rendered":"https:\/\/www.ciudadesintermedias.org\/contexto\/"},"modified":"2023-10-17T17:26:55","modified_gmt":"2023-10-17T20:26:55","slug":"contexto","status":"publish","type":"page","link":"https:\/\/www.ciudadesintermedias.org\/pt-br\/contexto\/","title":{"rendered":"Contexto"},"content":{"rendered":"\n<div class=\"wp-block-media-text alignwide is-stacked-on-mobile\" style=\"grid-template-columns:27% auto\"><figure class=\"wp-block-media-text__media\"><img loading=\"lazy\" decoding=\"async\" width=\"730\" height=\"1024\" src=\"https:\/\/www.ciudadesintermedias.org\/wp-content\/uploads\/2022\/08\/ILUSTRACION-1-730x1024.png\" alt=\"\" class=\"wp-image-119 size-full\" srcset=\"https:\/\/www.ciudadesintermedias.org\/wp-content\/uploads\/2022\/08\/ILUSTRACION-1-730x1024.png 730w, https:\/\/www.ciudadesintermedias.org\/wp-content\/uploads\/2022\/08\/ILUSTRACION-1-214x300.png 214w, https:\/\/www.ciudadesintermedias.org\/wp-content\/uploads\/2022\/08\/ILUSTRACION-1-768x1077.png 768w, https:\/\/www.ciudadesintermedias.org\/wp-content\/uploads\/2022\/08\/ILUSTRACION-1.png 892w\" sizes=\"auto, (max-width: 730px) 100vw, 730px\" \/><\/figure><div class=\"wp-block-media-text__content\">\n<p>As cidades intermedi\u00e1rias acolhem 20% da popula\u00e7\u00e3o mundial e um ter\u00e7o da popula\u00e7\u00e3o urbana total.\nEstas entidades territoriais constituem um tamp\u00e3o fundamental contra os desafios enfrentados pelas grandes concentra\u00e7\u00f5es urbanas e posicionam-se como elos de uma cadeia de sistemas alimentares e espa\u00e7os verdes, cada vez mais centrais e necess\u00e1rios para a humanidade. <\/p>\n\n\n\n<p>At\u00e9 2050, alimentar uma popula\u00e7\u00e3o mundial de quase 10 bilh\u00f5es de pessoas exigir\u00e1 uma transforma\u00e7\u00e3o radical na forma como os alimentos s\u00e3o produzidos, processados, comercializados e consumidos. Alimentar essa popula\u00e7\u00e3o em expans\u00e3o de forma nutritiva e sustent\u00e1vel exigir\u00e1 melhorias substanciais nos sistemas alimentares globais, regionais e locais para que possam proporcionar emprego e meios de subsist\u00eancia decentes aos produtores e a todos os atores da cadeia alimentar, entregar produtos nutritivos aos consumidores e faz\u00ea-lo sem danificar nossos recursos naturais. A Am\u00e9rica Latina e o Caribe \u00e9 uma regi\u00e3o altamente urbanizada. Mais de 80 por cento de sua popula\u00e7\u00e3o reside em \u00e1reas urbanas, acima da m\u00e9dia mundial de cerca de 56 por cento.<\/p>\n<\/div><\/div>\n\n\n\n<div style=\"height:30px\" aria-hidden=\"true\" class=\"wp-block-spacer\"><\/div>\n\n\n\n<blockquote class=\"wp-block-quote has-medium-font-size is-layout-flow wp-block-quote-is-layout-flow\">\n<p>\u2022 Hoje, as cidades de m\u00e9dio porte (com at\u00e9 1 milh\u00e3o de habitantes) e as pequenas cidades (at\u00e9 50.000 habitantes) representam a maior popula\u00e7\u00e3o e a maior taxa de crescimento at\u00e9 2050. \u2022 As cidades, em geral, t\u00eam uma alta demanda por alimentos. Estima-se que os habitantes urbanos consomem at\u00e9 70% do fornecimento de alimentos, e tamb\u00e9m est\u00e3o envolvidos em 80% do mercado mundial de alimentos.<\/p>\n<\/blockquote>\n","protected":false},"excerpt":{"rendered":"<p>As cidades intermedi\u00e1rias acolhem 20% da popula\u00e7\u00e3o mundial e um ter\u00e7o da popula\u00e7\u00e3o urbana total. Estas entidades territoriais constituem um tamp\u00e3o fundamental contra os desafios enfrentados pelas grandes concentra\u00e7\u00f5es urbanas e posicionam-se como elos de uma cadeia de sistemas alimentares e espa\u00e7os verdes, cada vez mais centrais e necess\u00e1rios para a humanidade. At\u00e9 2050, alimentar [&hellip;]<\/p>\n","protected":false},"author":1,"featured_media":0,"parent":0,"menu_order":0,"comment_status":"closed","ping_status":"closed","template":"","meta":{"_uag_custom_page_level_css":"","footnotes":""},"class_list":["post-131","page","type-page","status-publish","hentry"],"uagb_featured_image_src":{"full":false,"thumbnail":false,"medium":false,"medium_large":false,"large":false,"1536x1536":false,"2048x2048":false},"uagb_author_info":{"display_name":"pablo","author_link":"https:\/\/www.ciudadesintermedias.org\/pt-br\/author\/pablo\/"},"uagb_comment_info":0,"uagb_excerpt":"As cidades intermedi\u00e1rias acolhem 20% da popula\u00e7\u00e3o mundial e um ter\u00e7o da popula\u00e7\u00e3o urbana total. Estas entidades territoriais constituem um tamp\u00e3o fundamental contra os desafios enfrentados pelas grandes concentra\u00e7\u00f5es urbanas e posicionam-se como elos de uma cadeia de sistemas alimentares e espa\u00e7os verdes, cada vez mais centrais e necess\u00e1rios para a humanidade. At\u00e9 2050, alimentar&hellip;","_links":{"self":[{"href":"https:\/\/www.ciudadesintermedias.org\/pt-br\/wp-json\/wp\/v2\/pages\/131","targetHints":{"allow":["GET"]}}],"collection":[{"href":"https:\/\/www.ciudadesintermedias.org\/pt-br\/wp-json\/wp\/v2\/pages"}],"about":[{"href":"https:\/\/www.ciudadesintermedias.org\/pt-br\/wp-json\/wp\/v2\/types\/page"}],"author":[{"embeddable":true,"href":"https:\/\/www.ciudadesintermedias.org\/pt-br\/wp-json\/wp\/v2\/users\/1"}],"replies":[{"embeddable":true,"href":"https:\/\/www.ciudadesintermedias.org\/pt-br\/wp-json\/wp\/v2\/comments?post=131"}],"version-history":[{"count":4,"href":"https:\/\/www.ciudadesintermedias.org\/pt-br\/wp-json\/wp\/v2\/pages\/131\/revisions"}],"predecessor-version":[{"id":283,"href":"https:\/\/www.ciudadesintermedias.org\/pt-br\/wp-json\/wp\/v2\/pages\/131\/revisions\/283"}],"wp:attachment":[{"href":"https:\/\/www.ciudadesintermedias.org\/pt-br\/wp-json\/wp\/v2\/media?parent=131"}],"curies":[{"name":"wp","href":"https:\/\/api.w.org\/{rel}","templated":true}]}}