{"id":137,"date":"2022-07-20T10:06:45","date_gmt":"2022-07-20T13:06:45","guid":{"rendered":"https:\/\/www.ciudadesintermedias.org\/a-rede\/"},"modified":"2023-10-17T18:06:42","modified_gmt":"2023-10-17T21:06:42","slug":"institucional","status":"publish","type":"page","link":"https:\/\/www.ciudadesintermedias.org\/pt-br\/institucional\/","title":{"rendered":"Institucional"},"content":{"rendered":"\n<div class=\"wp-block-columns is-layout-flex wp-container-core-columns-is-layout-28f84493 wp-block-columns-is-layout-flex\">\n<div class=\"wp-block-column is-layout-flow wp-block-column-is-layout-flow\">\n<p>Em apoio aos governos subnacionais na transforma\u00e7\u00e3o dos seus sistemas agroalimentares, o Governo do Departamento de Canelones no Uruguai e a FAO uniram for\u00e7as para formar a <strong>Rede de Cidades Intermedi\u00e1rias para Sistemas Agroalimentares<\/strong>, com o objetivo de gerar um espa\u00e7o de integra\u00e7\u00e3o para conhecimento, relacionamentos e solu\u00e7\u00f5es em n\u00edvel local.<\/p>\n<\/div>\n\n\n\n<div class=\"wp-block-column is-layout-flow wp-block-column-is-layout-flow\">\n<p>Em seus prim\u00f3rdios, mais de 30 cidades conseguiram confluir em uma alian\u00e7a desde as realidades locais e com objectivos claros, que n\u00e3o s\u00e3o outros que contribuir para o desenvolvimento sustent\u00e1vel, com equidade e bem-estar para todas as regi\u00f5es dos pa\u00edses da Am\u00e9rica Latina e do Caribe, e em particular para as suas popula\u00e7\u00f5es. Espera-se que mais cidades interm\u00e9dias se juntem a estes objectivos.<\/p>\n<\/div>\n<\/div>\n\n\n\n<div class=\"wp-block-media-text alignwide is-stacked-on-mobile has-background\" style=\"background-color:#6c9e5740;grid-template-columns:27% auto\"><figure class=\"wp-block-media-text__media\"><img loading=\"lazy\" decoding=\"async\" width=\"731\" height=\"1024\" src=\"https:\/\/www.ciudadesintermedias.org\/wp-content\/uploads\/2022\/08\/ILUSTRACION-3-731x1024.png\" alt=\"\" class=\"wp-image-124 size-full\" srcset=\"https:\/\/www.ciudadesintermedias.org\/wp-content\/uploads\/2022\/08\/ILUSTRACION-3-731x1024.png 731w, https:\/\/www.ciudadesintermedias.org\/wp-content\/uploads\/2022\/08\/ILUSTRACION-3-214x300.png 214w, https:\/\/www.ciudadesintermedias.org\/wp-content\/uploads\/2022\/08\/ILUSTRACION-3-768x1076.png 768w, https:\/\/www.ciudadesintermedias.org\/wp-content\/uploads\/2022\/08\/ILUSTRACION-3.png 893w\" sizes=\"auto, (max-width: 731px) 100vw, 731px\" \/><\/figure><div class=\"wp-block-media-text__content\">\n<p>Durante 2021, a Rede definiu seus estatutos de funcionamento e uma proposta de agenda t\u00e9cnica e pol\u00edtica acordada por todos os seus membros, al\u00e9m de realizar reuni\u00f5es e eventos como o di\u00e1logo independente das cidades intermedi\u00e1rias, no \u00e2mbito da c\u00fapula dos sistemas alimentares, e uma pesquisa regional sobre sistemas alimentares sustent\u00e1veis e circulares. Encontra-se actualmente numa fase de consolida\u00e7\u00e3o e crescimento.<\/p>\n<\/div><\/div>\n\n\n\n<div style=\"height:32px\" aria-hidden=\"true\" class=\"wp-block-spacer\"><\/div>\n\n\n\n<div class=\"wp-block-media-text alignwide has-media-on-the-right is-stacked-on-mobile has-background\" style=\"background-color:#6c9e5740;grid-template-columns:auto 27%\"><div class=\"wp-block-media-text__content\">\n<p>Promover o di\u00e1logo e a troca de experi\u00eancias entre as Cidades Intermedi\u00e1rias dos pa\u00edses da regi\u00e3o, com vista a fortalecer as capacidades dos Governos Locais que a comp\u00f5em.<\/p>\n\n\n\n<p>Facilitar o estabelecimento de alian\u00e7as, desenvolver estrat\u00e9gias conjuntas de integra\u00e7\u00e3o regional e projetos de coopera\u00e7\u00e3o t\u00e9cnica.<\/p>\n<\/div><figure class=\"wp-block-media-text__media\"><img loading=\"lazy\" decoding=\"async\" width=\"731\" height=\"1024\" src=\"https:\/\/www.ciudadesintermedias.org\/wp-content\/uploads\/2022\/08\/ILUSTRACION-2-731x1024.png\" alt=\"\" class=\"wp-image-122 size-full\" srcset=\"https:\/\/www.ciudadesintermedias.org\/wp-content\/uploads\/2022\/08\/ILUSTRACION-2-731x1024.png 731w, https:\/\/www.ciudadesintermedias.org\/wp-content\/uploads\/2022\/08\/ILUSTRACION-2-214x300.png 214w, https:\/\/www.ciudadesintermedias.org\/wp-content\/uploads\/2022\/08\/ILUSTRACION-2-768x1076.png 768w, https:\/\/www.ciudadesintermedias.org\/wp-content\/uploads\/2022\/08\/ILUSTRACION-2.png 893w\" sizes=\"auto, (max-width: 731px) 100vw, 731px\" \/><\/figure><\/div>\n\n\n\n<div style=\"height:32px\" aria-hidden=\"true\" class=\"wp-block-spacer\"><\/div>\n\n\n\n<h3 class=\"wp-block-heading\"><strong>Constituem a Rede de Cidades Intermedi\u00e1rias para Sistemas Agroalimentares:<\/strong><\/h3>\n\n\n<p><iframe loading=\"lazy\" src=\"https:\/\/www.google.com\/maps\/d\/u\/0\/embed?mid=1KBqMrBQxx6v8wGqvooynitNLV6arF50&ehbc=2E312F\" width=\"100%\" height=\"640\"><\/iframe><\/p>\n","protected":false},"excerpt":{"rendered":"<p>Em apoio aos governos subnacionais na transforma\u00e7\u00e3o dos seus sistemas agroalimentares, o Governo do Departamento de Canelones no Uruguai e a FAO uniram for\u00e7as para formar a Rede de Cidades Intermedi\u00e1rias para Sistemas Agroalimentares, com o objetivo de gerar um espa\u00e7o de integra\u00e7\u00e3o para conhecimento, relacionamentos e solu\u00e7\u00f5es em n\u00edvel local. Em seus prim\u00f3rdios, mais [&hellip;]<\/p>\n","protected":false},"author":1,"featured_media":0,"parent":0,"menu_order":0,"comment_status":"closed","ping_status":"closed","template":"","meta":{"_uag_custom_page_level_css":"","footnotes":""},"class_list":["post-137","page","type-page","status-publish","hentry"],"uagb_featured_image_src":{"full":false,"thumbnail":false,"medium":false,"medium_large":false,"large":false,"1536x1536":false,"2048x2048":false},"uagb_author_info":{"display_name":"pablo","author_link":"https:\/\/www.ciudadesintermedias.org\/pt-br\/author\/pablo\/"},"uagb_comment_info":0,"uagb_excerpt":"Em apoio aos governos subnacionais na transforma\u00e7\u00e3o dos seus sistemas agroalimentares, o Governo do Departamento de Canelones no Uruguai e a FAO uniram for\u00e7as para formar a Rede de Cidades Intermedi\u00e1rias para Sistemas Agroalimentares, com o objetivo de gerar um espa\u00e7o de integra\u00e7\u00e3o para conhecimento, relacionamentos e solu\u00e7\u00f5es em n\u00edvel local. Em seus prim\u00f3rdios, mais&hellip;","_links":{"self":[{"href":"https:\/\/www.ciudadesintermedias.org\/pt-br\/wp-json\/wp\/v2\/pages\/137","targetHints":{"allow":["GET"]}}],"collection":[{"href":"https:\/\/www.ciudadesintermedias.org\/pt-br\/wp-json\/wp\/v2\/pages"}],"about":[{"href":"https:\/\/www.ciudadesintermedias.org\/pt-br\/wp-json\/wp\/v2\/types\/page"}],"author":[{"embeddable":true,"href":"https:\/\/www.ciudadesintermedias.org\/pt-br\/wp-json\/wp\/v2\/users\/1"}],"replies":[{"embeddable":true,"href":"https:\/\/www.ciudadesintermedias.org\/pt-br\/wp-json\/wp\/v2\/comments?post=137"}],"version-history":[{"count":15,"href":"https:\/\/www.ciudadesintermedias.org\/pt-br\/wp-json\/wp\/v2\/pages\/137\/revisions"}],"predecessor-version":[{"id":313,"href":"https:\/\/www.ciudadesintermedias.org\/pt-br\/wp-json\/wp\/v2\/pages\/137\/revisions\/313"}],"wp:attachment":[{"href":"https:\/\/www.ciudadesintermedias.org\/pt-br\/wp-json\/wp\/v2\/media?parent=137"}],"curies":[{"name":"wp","href":"https:\/\/api.w.org\/{rel}","templated":true}]}}