{"id":145,"date":"2022-07-20T10:09:12","date_gmt":"2022-07-20T13:09:12","guid":{"rendered":"https:\/\/www.ciudadesintermedias.org\/presidencia\/"},"modified":"2023-10-17T18:48:37","modified_gmt":"2023-10-17T21:48:37","slug":"presidencia","status":"publish","type":"page","link":"https:\/\/www.ciudadesintermedias.org\/pt-br\/presidencia\/","title":{"rendered":"Presid\u00eancia"},"content":{"rendered":"\n<div class=\"wp-block-columns is-layout-flex wp-container-core-columns-is-layout-28f84493 wp-block-columns-is-layout-flex\">\n<div class=\"wp-block-column is-layout-flow wp-block-column-is-layout-flow\">\n<p>Atualmente, a Rede de Cidades Intermedi\u00e1rias e Sistemas Agroalimentares (Rede CISA) \u00e9 presidida pelo <strong><a rel=\"noreferrer noopener\" href=\"https:\/\/www.gob.pe\/munihuancayo\" target=\"_blank\">Municipalidad Provincial de Huancayo del Per\u00fa<\/a>.<\/strong> A elei\u00e7\u00e3o foi realizada em 29 de maio de 2023 e contou com o apoio t\u00e9cnico da Organiza\u00e7\u00e3o das Na\u00e7\u00f5es Unidas para Alimenta\u00e7\u00e3o e Agricultura.<\/p>\n\n\n\n<p>A primeira institui\u00e7\u00e3o a liderar a Rede, o<a href=\"https:\/\/www.imcanelones.gub.uy\/es\"> Governo de Canelones do Uruguai<\/a>, destacou-se pelo compromisso com a organiza\u00e7\u00e3o e pelo desejo de trabalhar para fortalecer as cidades membros e promover o acesso e a coopera\u00e7\u00e3o t\u00e9cnica entre elas.<\/p>\n\n\n\n<p>A mudan\u00e7a de comando foi oficializada em setembro de 2023, depois de a presid\u00eancia cessante transferir o cargo para Huancayo, cidade que toma posse num contexto de repara\u00e7\u00e3o do sistema agroalimentar, mais inclusivo, resiliente, n\u00e3o deixando ningu\u00e9m para tr\u00e1s e esperando superar os desafios com o esfor\u00e7o de todos os membros.<\/p>\n<\/div>\n\n\n\n<div class=\"wp-block-column is-layout-flow wp-block-column-is-layout-flow\">\n<figure class=\"wp-block-image size-full\"><img loading=\"lazy\" decoding=\"async\" width=\"1000\" height=\"467\" src=\"https:\/\/www.ciudadesintermedias.org\/wp-content\/uploads\/2022\/08\/Logo-Gobierno-de-Canelones2022-1000.png\" alt=\"\" class=\"wp-image-113\" srcset=\"https:\/\/www.ciudadesintermedias.org\/wp-content\/uploads\/2022\/08\/Logo-Gobierno-de-Canelones2022-1000.png 1000w, https:\/\/www.ciudadesintermedias.org\/wp-content\/uploads\/2022\/08\/Logo-Gobierno-de-Canelones2022-1000-300x140.png 300w, https:\/\/www.ciudadesintermedias.org\/wp-content\/uploads\/2022\/08\/Logo-Gobierno-de-Canelones2022-1000-768x359.png 768w\" sizes=\"auto, (max-width: 1000px) 100vw, 1000px\" \/><\/figure>\n<\/div>\n<\/div>\n\n\n\n<p><\/p>\n\n\n\n<div style=\"height:100px\" aria-hidden=\"true\" class=\"wp-block-spacer\"><\/div>\n","protected":false},"excerpt":{"rendered":"<p>Atualmente, a Rede de Cidades Intermedi\u00e1rias e Sistemas Agroalimentares (Rede CISA) \u00e9 presidida pelo Municipalidad Provincial de Huancayo del Per\u00fa. A elei\u00e7\u00e3o foi realizada em 29 de maio de 2023 e contou com o apoio t\u00e9cnico da Organiza\u00e7\u00e3o das Na\u00e7\u00f5es Unidas para Alimenta\u00e7\u00e3o e Agricultura. A primeira institui\u00e7\u00e3o a liderar a Rede, o Governo de [&hellip;]<\/p>\n","protected":false},"author":1,"featured_media":0,"parent":0,"menu_order":0,"comment_status":"closed","ping_status":"closed","template":"","meta":{"_uag_custom_page_level_css":"","footnotes":""},"class_list":["post-145","page","type-page","status-publish","hentry"],"uagb_featured_image_src":{"full":false,"thumbnail":false,"medium":false,"medium_large":false,"large":false,"1536x1536":false,"2048x2048":false},"uagb_author_info":{"display_name":"pablo","author_link":"https:\/\/www.ciudadesintermedias.org\/pt-br\/author\/pablo\/"},"uagb_comment_info":0,"uagb_excerpt":"Atualmente, a Rede de Cidades Intermedi\u00e1rias e Sistemas Agroalimentares (Rede CISA) \u00e9 presidida pelo Municipalidad Provincial de Huancayo del Per\u00fa. A elei\u00e7\u00e3o foi realizada em 29 de maio de 2023 e contou com o apoio t\u00e9cnico da Organiza\u00e7\u00e3o das Na\u00e7\u00f5es Unidas para Alimenta\u00e7\u00e3o e Agricultura. A primeira institui\u00e7\u00e3o a liderar a Rede, o Governo de&hellip;","_links":{"self":[{"href":"https:\/\/www.ciudadesintermedias.org\/pt-br\/wp-json\/wp\/v2\/pages\/145","targetHints":{"allow":["GET"]}}],"collection":[{"href":"https:\/\/www.ciudadesintermedias.org\/pt-br\/wp-json\/wp\/v2\/pages"}],"about":[{"href":"https:\/\/www.ciudadesintermedias.org\/pt-br\/wp-json\/wp\/v2\/types\/page"}],"author":[{"embeddable":true,"href":"https:\/\/www.ciudadesintermedias.org\/pt-br\/wp-json\/wp\/v2\/users\/1"}],"replies":[{"embeddable":true,"href":"https:\/\/www.ciudadesintermedias.org\/pt-br\/wp-json\/wp\/v2\/comments?post=145"}],"version-history":[{"count":7,"href":"https:\/\/www.ciudadesintermedias.org\/pt-br\/wp-json\/wp\/v2\/pages\/145\/revisions"}],"predecessor-version":[{"id":319,"href":"https:\/\/www.ciudadesintermedias.org\/pt-br\/wp-json\/wp\/v2\/pages\/145\/revisions\/319"}],"wp:attachment":[{"href":"https:\/\/www.ciudadesintermedias.org\/pt-br\/wp-json\/wp\/v2\/media?parent=145"}],"curies":[{"name":"wp","href":"https:\/\/api.w.org\/{rel}","templated":true}]}}